{"id":190,"date":"2019-08-09T17:47:36","date_gmt":"2019-08-09T17:47:36","guid":{"rendered":"http:\/\/www.colegionlc.cl\/colegio\/?page_id=190"},"modified":"2026-04-15T10:59:47","modified_gmt":"2026-04-15T14:59:47","slug":"reglamentos-y-protocolos","status":"publish","type":"page","link":"https:\/\/www.colegionlc.cl\/?page_id=190","title":{"rendered":"Reglamentos y protocolos"},"content":{"rendered":"\t\t<div data-elementor-type=\"wp-post\" data-elementor-id=\"190\" class=\"elementor elementor-190\" data-elementor-post-type=\"page\">\n\t\t\t\t\t\t<section class=\"has_ae_slider elementor-section elementor-top-section elementor-element elementor-element-28ae2de7 elementor-section-boxed elementor-section-height-default elementor-section-height-default ae-bg-gallery-type-default\" data-id=\"28ae2de7\" data-element_type=\"section\">\n\t\t\t\t\t\t<div class=\"elementor-container elementor-column-gap-default\">\n\t\t\t\t\t<div class=\"has_ae_slider elementor-column elementor-col-50 elementor-top-column elementor-element elementor-element-5dbd546d ae-bg-gallery-type-default\" data-id=\"5dbd546d\" data-element_type=\"column\">\n\t\t\t<div class=\"elementor-widget-wrap elementor-element-populated\">\n\t\t\t\t\t\t<div class=\"elementor-element elementor-element-1a66e3b8 elementor-widget elementor-widget-heading\" data-id=\"1a66e3b8\" data-element_type=\"widget\" data-widget_type=\"heading.default\">\n\t\t\t\t<div class=\"elementor-widget-container\">\n\t\t\t\t\t<h2 class=\"elementor-heading-title elementor-size-medium\">Reglamentos y Protocolos<\/h2>\t\t\t\t<\/div>\n\t\t\t\t<\/div>\n\t\t\t\t<div class=\"elementor-element elementor-element-1ceb3aa elementor-widget elementor-widget-text-editor\" data-id=\"1ceb3aa\" data-element_type=\"widget\" data-widget_type=\"text-editor.default\">\n\t\t\t\t<div class=\"elementor-widget-container\">\n\t\t\t\t\t\t\t\t\t<p>\u00a0<\/p><ul><li><p><strong><a href=\"https:\/\/www.colegionlc.cl\/wp-content\/uploads\/2026\/04\/a-REGLAMENTO-INTERNO-NLC-NEW.pdf\" target=\"_blank\" rel=\"noopener\">a) Reglamento Interno New Little College<\/a><\/strong><\/p><\/li><li><p><a href=\"https:\/\/www.colegionlc.cl\/wp-content\/uploads\/2026\/04\/a1-PLAN-DE-GESTION-2026.pdf\" target=\"_blank\" rel=\"noopener\">a1) Plan de Gesti\u00f3n 2026<\/a><\/p><\/li><li><p><strong><a href=\"https:\/\/www.colegionlc.cl\/wp-content\/uploads\/2026\/04\/b-REGLAMENTO-DE-EVALUACION-Y-PROMOCION-CNLC.pdf\" target=\"_blank\" rel=\"noopener\">b) Reglamento de Evaluaci\u00f3n y Promoci\u00f3n<\/a><\/strong><\/p><\/li><li><p><a href=\"https:\/\/www.colegionlc.cl\/wp-content\/uploads\/2026\/04\/1-PROTOCOLO-DISPOSITIVOS-MOBILES.pdf\" target=\"_blank\" rel=\"noopener\">1 Protocolo de Dispositivos Moviles<\/a><\/p><\/li><li><p><a href=\"https:\/\/www.colegionlc.cl\/wp-content\/uploads\/2026\/04\/2-PROTOCOLO-DE-ACOSO-ESCOLAR.pdf\" target=\"_blank\" rel=\"noopener\">2 Protocolo de Acoso Escolar<\/a><\/p><\/li><li><p><a href=\"https:\/\/www.colegionlc.cl\/wp-content\/uploads\/2026\/04\/3-PROTOCOLO-DE-CONTENCION-SOCIOEMOCIONAL.pdf\" target=\"_blank\" rel=\"noopener\">3 Protocolo de Contenci\u00f3n Socioemocional<\/a><\/p><\/li><li><p><a href=\"https:\/\/www.colegionlc.cl\/wp-content\/uploads\/2026\/04\/4-PROTOCOLO-DE-ACTUACION-FRENTE-A-DETECCION-DE-VULNERACION-DE-DERECHOS-DE-ESTUDIANTES.pdf\" target=\"_blank\" rel=\"noopener\">4 Protocolo de Actuaci\u00f3n Frente a Detecci\u00f3n de Vulneraci\u00f3n de Derechos de Estudiantes<\/a><\/p><\/li><li><p><a href=\"https:\/\/www.colegionlc.cl\/wp-content\/uploads\/2026\/04\/5-PROTOCOLO-DE-PREVENCION-DEL-SUICIDIO-EN-LA-COMUNIDAD-ESCOLAR.pdf\" target=\"_blank\" rel=\"noopener\">5 Protocolo de Prevenci\u00f3n del Suicidio en la Comunidad Escolar<\/a><\/p><\/li><li><p><a href=\"https:\/\/www.colegionlc.cl\/wp-content\/uploads\/2026\/04\/6-PROTOCOLO-DE-PREVENCION-Y-ACTUACION-EN-CASOS-DE-CONSUMO-Y-TRAFICO-DE-DROGAS-EN-EL-ESTABLECIMIENTO.pdf\" target=\"_blank\" rel=\"noopener\">6 Protocolo de Prevenci\u00f3n y Actuaci\u00f3n en Casos de Consumo y Tr\u00e1fico de Drogas en el Establecimiento<\/a><\/p><\/li><li><p><a href=\"https:\/\/www.colegionlc.cl\/wp-content\/uploads\/2026\/04\/7-PROTOCOLO-DE-ATENCION-DE-APODERADOS.pdf\" target=\"_blank\" rel=\"noopener\">7 Protocolo de Atenci\u00f3n de Apoderados. <\/a><\/p><\/li><li><p><a href=\"https:\/\/www.colegionlc.cl\/wp-content\/uploads\/2026\/04\/8-PROTOCOLO-DE-RETENCION-DE-ESTUDIANTES-EMBARAZADAS.pdf\" target=\"_blank\" rel=\"noopener\">8 Protocolo de Retenci\u00f3n de Estudiantes Embarazadas<\/a><\/p><\/li><li><p><a href=\"https:\/\/www.colegionlc.cl\/wp-content\/uploads\/2026\/04\/9-PROTOCOLO-DE-SALIDAS-PEDAGOGICAS.pdf\" target=\"_blank\" rel=\"noopener\">9 Protocolo de Salidas Pedag\u00f3gicas<\/a><\/p><\/li><li><p><a href=\"https:\/\/www.colegionlc.cl\/wp-content\/uploads\/2026\/04\/10-PROTOCOLO-DE-ACTUACION-FRENTE-ACCIDENTES-Y-EMERGENCIAS-ESCOLARES.pdf\" target=\"_blank\" rel=\"noopener\">10 Protocolo de Actuaci\u00f3n Frente a Accidentes y Emergencias Escolares<\/a><\/p><\/li><li><p><a href=\"https:\/\/www.colegionlc.cl\/wp-content\/uploads\/2026\/04\/11-PROTOCOLO-DE-ACTUACION-FRENTE-A-CASOS-DE-VIOLENCIA-ESTUDIANTES-LGTBI.pdf\" target=\"_blank\" rel=\"noopener\">11 Protocolo de Actuaci\u00f3n Frente a Casos de Violencia a Estudiantes LGTBI<\/a><\/p><\/li><li><p><a href=\"https:\/\/www.colegionlc.cl\/wp-content\/uploads\/2026\/04\/12-PROTOCOLO-DE-DERECHOS-Y-ACCIONES-DE-APOYO-PARA-LOS-Y-LAS-ESTUDIANTES-TRANSGENERO.pdf\" target=\"_blank\" rel=\"noopener\">12 Protocolo de Derechos y Acciones de Apoyo para los y las Estudiantes Transgenero<\/a><\/p><\/li><li><p><a href=\"https:\/\/www.colegionlc.cl\/wp-content\/uploads\/2026\/04\/13-PROTOCOLO-PARA-LA-INCLUSION-DE-ESTUDIANTES-MIGRANTES.pdf\" target=\"_blank\" rel=\"noopener\">13 Protocolo para la Inclusion de Estudiantes Migrantes<\/a><\/p><\/li><li><p><a href=\"https:\/\/www.colegionlc.cl\/wp-content\/uploads\/2026\/04\/14-PROTOCOLO-DE-CAMBIO-DE-CURSO.pdf\" target=\"_blank\" rel=\"noopener\">14 Protocolo de Cambio de Curso<\/a><\/p><\/li><li><p><a href=\"https:\/\/www.colegionlc.cl\/wp-content\/uploads\/2026\/04\/15-PROTOCOLO-ANTE-FALLECIMIENTO-DE-ESTUDIANTE.pdf\" target=\"_blank\" rel=\"noopener\">15 Protocolo ante Fallecimiento de Estudiante<\/a><\/p><\/li><li><p><a href=\"https:\/\/www.colegionlc.cl\/wp-content\/uploads\/2026\/04\/16-PLAN-DE-ACOMPANAMIENTO-EMOCIONAL-Y-CONDUCTUAL.pdf\" target=\"_blank\" rel=\"noopener\">16 Plan de Acompa\u00f1amiento Emocional y Conductual<\/a><\/p><\/li><li><p><a href=\"https:\/\/www.colegionlc.cl\/wp-content\/uploads\/2026\/04\/17-PROTOCOLO-DE-DESREGULACION-EMOCIONAL-Y-CONDUCTUAL-ESTUDIANTES-TEA.pdf\" target=\"_blank\" rel=\"noopener\">17 Protocolo de Resregulaci\u00f3n Emocional y Conductual de Estudiantes TEA<br \/><\/a><\/p><\/li><li><p><strong><a href=\"https:\/\/www.colegionlc.cl\/wp-content\/uploads\/2026\/04\/Reglamentos-y-protocolos-Completo.pdf\">Reglamentos y protocolos Completo<\/a><\/strong><\/p><\/li><\/ul>\t\t\t\t\t\t\t\t<\/div>\n\t\t\t\t<\/div>\n\t\t\t\t\t<\/div>\n\t\t<\/div>\n\t\t\t\t<div class=\"has_ae_slider elementor-column elementor-col-50 elementor-top-column elementor-element elementor-element-79e6c008 ae-bg-gallery-type-default\" data-id=\"79e6c008\" data-element_type=\"column\">\n\t\t\t<div class=\"elementor-widget-wrap elementor-element-populated\">\n\t\t\t\t\t\t<div class=\"elementor-element elementor-element-625c1c7c elementor-widget elementor-widget-image\" data-id=\"625c1c7c\" data-element_type=\"widget\" data-widget_type=\"image.default\">\n\t\t\t\t<div class=\"elementor-widget-container\">\n\t\t\t\t\t\t\t\t\t\t\t\t\t\t\t<img fetchpriority=\"high\" decoding=\"async\" width=\"300\" height=\"177\" src=\"https:\/\/www.colegionlc.cl\/wp-content\/uploads\/2019\/08\/post_REGLAMENTOS-300x177.jpg\" class=\"attachment-medium size-medium wp-image-732\" alt=\"\" srcset=\"https:\/\/www.colegionlc.cl\/wp-content\/uploads\/2019\/08\/post_REGLAMENTOS-300x177.jpg 300w, https:\/\/www.colegionlc.cl\/wp-content\/uploads\/2019\/08\/post_REGLAMENTOS.jpg 385w\" sizes=\"(max-width: 300px) 100vw, 300px\" \/>\t\t\t\t\t\t\t\t\t\t\t\t\t\t\t<\/div>\n\t\t\t\t<\/div>\n\t\t\t\t\t<\/div>\n\t\t<\/div>\n\t\t\t\t\t<\/div>\n\t\t<\/section>\n\t\t\t\t<section class=\"has_ae_slider elementor-section elementor-top-section elementor-element elementor-element-b50fcdc elementor-section-boxed elementor-section-height-default elementor-section-height-default ae-bg-gallery-type-default\" data-id=\"b50fcdc\" data-element_type=\"section\">\n\t\t\t\t\t\t<div class=\"elementor-container elementor-column-gap-default\">\n\t\t\t\t\t<div class=\"has_ae_slider elementor-column elementor-col-100 elementor-top-column elementor-element elementor-element-a726fc5 ae-bg-gallery-type-default\" data-id=\"a726fc5\" data-element_type=\"column\">\n\t\t\t<div class=\"elementor-widget-wrap\">\n\t\t\t\t\t\t\t<\/div>\n\t\t<\/div>\n\t\t\t\t\t<\/div>\n\t\t<\/section>\n\t\t\t\t<\/div>\n\t\t","protected":false},"excerpt":{"rendered":"<p>Reglamentos y Protocolos \u00a0 a) Reglamento Interno New Little College a1) Plan de Gesti\u00f3n 2026 b) Reglamento de Evaluaci\u00f3n y Promoci\u00f3n 1 Protocolo de Dispositivos Moviles 2 Protocolo de Acoso Escolar 3 Protocolo de Contenci\u00f3n Socioemocional 4 Protocolo de Actuaci\u00f3n Frente a Detecci\u00f3n de Vulneraci\u00f3n de Derechos de Estudiantes 5 Protocolo de Prevenci\u00f3n del Suicidio [&hellip;]<\/p>\n","protected":false},"author":1,"featured_media":0,"parent":0,"menu_order":0,"comment_status":"closed","ping_status":"closed","template":"","meta":{"site-sidebar-layout":"default","site-content-layout":"page-builder","ast-site-content-layout":"default","site-content-style":"default","site-sidebar-style":"default","ast-global-header-display":"","ast-banner-title-visibility":"","ast-main-header-display":"","ast-hfb-above-header-display":"","ast-hfb-below-header-display":"","ast-hfb-mobile-header-display":"","site-post-title":"disabled","ast-breadcrumbs-content":"","ast-featured-img":"disabled","footer-sml-layout":"","ast-disable-related-posts":"","theme-transparent-header-meta":"default","adv-header-id-meta":"","stick-header-meta":"default","header-above-stick-meta":"","header-main-stick-meta":"","header-below-stick-meta":"","astra-migrate-meta-layouts":"default","ast-page-background-enabled":"default","ast-page-background-meta":{"desktop":{"background-color":"","background-image":"","background-repeat":"repeat","background-position":"center center","background-size":"auto","background-attachment":"scroll","background-type":"","background-media":"","overlay-type":"","overlay-color":"","overlay-opacity":"","overlay-gradient":""},"tablet":{"background-color":"","background-image":"","background-repeat":"repeat","background-position":"center center","background-size":"auto","background-attachment":"scroll","background-type":"","background-media":"","overlay-type":"","overlay-color":"","overlay-opacity":"","overlay-gradient":""},"mobile":{"background-color":"","background-image":"","background-repeat":"repeat","background-position":"center center","background-size":"auto","background-attachment":"scroll","background-type":"","background-media":"","overlay-type":"","overlay-color":"","overlay-opacity":"","overlay-gradient":""}},"ast-content-background-meta":{"desktop":{"background-color":"var(--ast-global-color-5)","background-image":"","background-repeat":"repeat","background-position":"center center","background-size":"auto","background-attachment":"scroll","background-type":"","background-media":"","overlay-type":"","overlay-color":"","overlay-opacity":"","overlay-gradient":""},"tablet":{"background-color":"var(--ast-global-color-5)","background-image":"","background-repeat":"repeat","background-position":"center center","background-size":"auto","background-attachment":"scroll","background-type":"","background-media":"","overlay-type":"","overlay-color":"","overlay-opacity":"","overlay-gradient":""},"mobile":{"background-color":"var(--ast-global-color-5)","background-image":"","background-repeat":"repeat","background-position":"center center","background-size":"auto","background-attachment":"scroll","background-type":"","background-media":"","overlay-type":"","overlay-color":"","overlay-opacity":"","overlay-gradient":""}},"footnotes":""},"categories":[],"tags":[],"class_list":["post-190","page","type-page","status-publish","hentry"],"_links":{"self":[{"href":"https:\/\/www.colegionlc.cl\/index.php?rest_route=\/wp\/v2\/pages\/190","targetHints":{"allow":["GET"]}}],"collection":[{"href":"https:\/\/www.colegionlc.cl\/index.php?rest_route=\/wp\/v2\/pages"}],"about":[{"href":"https:\/\/www.colegionlc.cl\/index.php?rest_route=\/wp\/v2\/types\/page"}],"author":[{"embeddable":true,"href":"https:\/\/www.colegionlc.cl\/index.php?rest_route=\/wp\/v2\/users\/1"}],"replies":[{"embeddable":true,"href":"https:\/\/www.colegionlc.cl\/index.php?rest_route=%2Fwp%2Fv2%2Fcomments&post=190"}],"version-history":[{"count":58,"href":"https:\/\/www.colegionlc.cl\/index.php?rest_route=\/wp\/v2\/pages\/190\/revisions"}],"predecessor-version":[{"id":4764,"href":"https:\/\/www.colegionlc.cl\/index.php?rest_route=\/wp\/v2\/pages\/190\/revisions\/4764"}],"wp:attachment":[{"href":"https:\/\/www.colegionlc.cl\/index.php?rest_route=%2Fwp%2Fv2%2Fmedia&parent=190"}],"wp:term":[{"taxonomy":"category","embeddable":true,"href":"https:\/\/www.colegionlc.cl\/index.php?rest_route=%2Fwp%2Fv2%2Fcategories&post=190"},{"taxonomy":"post_tag","embeddable":true,"href":"https:\/\/www.colegionlc.cl\/index.php?rest_route=%2Fwp%2Fv2%2Ftags&post=190"}],"curies":[{"name":"wp","href":"https:\/\/api.w.org\/{rel}","templated":true}]}}