{"id":3901,"date":"2024-03-13T14:57:07","date_gmt":"2024-03-13T18:57:07","guid":{"rendered":"https:\/\/www.colegionlc.cl\/?page_id=3901"},"modified":"2024-10-17T08:48:43","modified_gmt":"2024-10-17T12:48:43","slug":"informativo-no2-primera-reunion-de-apoderados","status":"publish","type":"page","link":"https:\/\/www.colegionlc.cl\/?page_id=3901","title":{"rendered":"Informativo N\u00ba2 &#8211; Primera reuni\u00f3n de apoderados"},"content":{"rendered":"\t\t<div data-elementor-type=\"wp-page\" data-elementor-id=\"3901\" class=\"elementor elementor-3901\" data-elementor-post-type=\"page\">\n\t\t\t\t\t\t<section class=\"has_ae_slider elementor-section elementor-top-section elementor-element elementor-element-33cbb333 elementor-section-boxed elementor-section-height-default elementor-section-height-default ae-bg-gallery-type-default\" data-id=\"33cbb333\" data-element_type=\"section\">\n\t\t\t\t\t\t<div class=\"elementor-container elementor-column-gap-default\">\n\t\t\t\t\t<div class=\"has_ae_slider elementor-column elementor-col-50 elementor-top-column elementor-element elementor-element-7d016013 ae-bg-gallery-type-default\" data-id=\"7d016013\" data-element_type=\"column\">\n\t\t\t<div class=\"elementor-widget-wrap elementor-element-populated\">\n\t\t\t\t\t\t<div class=\"elementor-element elementor-element-63de198a elementor-widget elementor-widget-theme-post-title elementor-page-title elementor-widget-heading\" data-id=\"63de198a\" data-element_type=\"widget\" data-widget_type=\"theme-post-title.default\">\n\t\t\t\t<div class=\"elementor-widget-container\">\n\t\t\t\t\t<h2 class=\"elementor-heading-title elementor-size-medium\">Informativo N\u00ba2 &#8211; Primera reuni\u00f3n de apoderados<\/h2>\t\t\t\t<\/div>\n\t\t\t\t<\/div>\n\t\t\t\t<div class=\"elementor-element elementor-element-48d33303 elementor-widget elementor-widget-text-editor\" data-id=\"48d33303\" data-element_type=\"widget\" data-widget_type=\"text-editor.default\">\n\t\t\t\t<div class=\"elementor-widget-container\">\n\t\t\t\t\t\t\t\t\t<p style=\"text-align: left;\">Estimados\/as padres y\/o apoderados\/as: Junto con saludar y esperando que se encuentren bien, damos la bienvenida a este a\u00f1o acad\u00e9mico solicitando su asistencia a la primera reuni\u00f3n de apoderados\/as en la que podr\u00e1n resolver sus dudas e inquietudes y conocer un poco m\u00e1s de nuestro colegio.<\/p><p>\u00a1Los esperamos!\u00a0<br \/><br \/><br \/><br \/><\/p><p>\u00a0<\/p><p style=\"text-align: center;\"><strong>INFORMATIVO N\u00b02<br \/><br \/><\/strong><\/p><p><strong>PRIMERA REUNI\u00d3N DE APODERADOS<\/strong><\/p><p>\u00a0<\/p><p>Estimados\/as Padres y Apoderados\/as:<\/p><p>Junto con saludar y esperando que se encuentren bien, informamos a ustedes las fechas de las primeras reuniones de apoderados.<\/p><p>Las reuniones se realizar\u00e1n en <strong>modalidad presencial<\/strong> y el horario de estas ser\u00e1 desde las <strong>19:00 <\/strong>hasta las<strong> 20:30 horas<\/strong>, se solicita puntualidad.<\/p><p>A continuaci\u00f3n, detallamos los d\u00edas de reuni\u00f3n por cursos.<\/p><p><img fetchpriority=\"high\" decoding=\"async\" class=\"alignnone wp-image-3903 size-full\" src=\"https:\/\/www.colegionlc.cl\/wp-content\/uploads\/2024\/03\/1\u00ba-Reunion.jpg\" alt=\"\" width=\"744\" height=\"344\" srcset=\"https:\/\/www.colegionlc.cl\/wp-content\/uploads\/2024\/03\/1\u00ba-Reunion.jpg 744w, https:\/\/www.colegionlc.cl\/wp-content\/uploads\/2024\/03\/1\u00ba-Reunion-300x139.jpg 300w, https:\/\/www.colegionlc.cl\/wp-content\/uploads\/2024\/03\/1\u00ba-Reunion-500x231.jpg 500w\" sizes=\"(max-width: 744px) 100vw, 744px\" \/><\/p><p><br \/>Saludos Cordiales,<br \/><br \/>Equipo de Gesti\u00f3n<br \/>New Little College<\/p><p>\u00a0<\/p>\t\t\t\t\t\t\t\t<\/div>\n\t\t\t\t<\/div>\n\t\t\t\t\t<\/div>\n\t\t<\/div>\n\t\t\t\t<div class=\"has_ae_slider elementor-column elementor-col-50 elementor-top-column elementor-element elementor-element-51b89ac4 ae-bg-gallery-type-default\" data-id=\"51b89ac4\" data-element_type=\"column\">\n\t\t\t<div class=\"elementor-widget-wrap elementor-element-populated\">\n\t\t\t\t\t\t<div class=\"elementor-element elementor-element-1398b77d elementor-widget elementor-widget-image\" data-id=\"1398b77d\" data-element_type=\"widget\" data-widget_type=\"image.default\">\n\t\t\t\t<div class=\"elementor-widget-container\">\n\t\t\t\t\t\t\t\t\t\t\t\t\t\t\t<img decoding=\"async\" width=\"300\" height=\"225\" src=\"https:\/\/www.colegionlc.cl\/wp-content\/uploads\/2019\/08\/IMG_4830-300x225.jpg\" class=\"attachment-medium size-medium wp-image-170\" alt=\"\" srcset=\"https:\/\/www.colegionlc.cl\/wp-content\/uploads\/2019\/08\/IMG_4830-300x225.jpg 300w, https:\/\/www.colegionlc.cl\/wp-content\/uploads\/2019\/08\/IMG_4830-768x576.jpg 768w, https:\/\/www.colegionlc.cl\/wp-content\/uploads\/2019\/08\/IMG_4830-1024x768.jpg 1024w, https:\/\/www.colegionlc.cl\/wp-content\/uploads\/2019\/08\/IMG_4830.jpg 2016w\" sizes=\"(max-width: 300px) 100vw, 300px\" \/>\t\t\t\t\t\t\t\t\t\t\t\t\t\t\t<\/div>\n\t\t\t\t<\/div>\n\t\t\t\t\t<\/div>\n\t\t<\/div>\n\t\t\t\t\t<\/div>\n\t\t<\/section>\n\t\t\t\t<\/div>\n\t\t","protected":false},"excerpt":{"rendered":"<p>Estimados\/as padres y\/o apoderados\/as: Junto con saludar y esperando que se encuentren bien, damos la bienvenida a este a\u00f1o acad\u00e9mico solicitando su asistencia a la primera reuni\u00f3n de apoderados\/as en la que podr\u00e1n resolver sus dudas e inquietudes y conocer un poco m\u00e1s de nuestro colegio. \u00a1Los esperamos!\u00a0 \u00a0 INFORMATIVO N\u00b02 PRIMERA REUNI\u00d3N DE APODERADOS [&hellip;]<\/p>\n","protected":false},"author":1,"featured_media":2203,"parent":0,"menu_order":0,"comment_status":"closed","ping_status":"closed","template":"","meta":{"site-sidebar-layout":"no-sidebar","site-content-layout":"page-builder","ast-site-content-layout":"default","site-content-style":"default","site-sidebar-style":"default","ast-global-header-display":"","ast-banner-title-visibility":"","ast-main-header-display":"","ast-hfb-above-header-display":"","ast-hfb-below-header-display":"","ast-hfb-mobile-header-display":"","site-post-title":"disabled","ast-breadcrumbs-content":"","ast-featured-img":"disabled","footer-sml-layout":"","ast-disable-related-posts":"","theme-transparent-header-meta":"","adv-header-id-meta":"","stick-header-meta":"","header-above-stick-meta":"","header-main-stick-meta":"","header-below-stick-meta":"","astra-migrate-meta-layouts":"default","ast-page-background-enabled":"default","ast-page-background-meta":{"desktop":{"background-color":"","background-image":"","background-repeat":"repeat","background-position":"center center","background-size":"auto","background-attachment":"scroll","background-type":"","background-media":"","overlay-type":"","overlay-color":"","overlay-opacity":"","overlay-gradient":""},"tablet":{"background-color":"","background-image":"","background-repeat":"repeat","background-position":"center center","background-size":"auto","background-attachment":"scroll","background-type":"","background-media":"","overlay-type":"","overlay-color":"","overlay-opacity":"","overlay-gradient":""},"mobile":{"background-color":"","background-image":"","background-repeat":"repeat","background-position":"center center","background-size":"auto","background-attachment":"scroll","background-type":"","background-media":"","overlay-type":"","overlay-color":"","overlay-opacity":"","overlay-gradient":""}},"ast-content-background-meta":{"desktop":{"background-color":"var(--ast-global-color-5)","background-image":"","background-repeat":"repeat","background-position":"center center","background-size":"auto","background-attachment":"scroll","background-type":"","background-media":"","overlay-type":"","overlay-color":"","overlay-opacity":"","overlay-gradient":""},"tablet":{"background-color":"var(--ast-global-color-5)","background-image":"","background-repeat":"repeat","background-position":"center center","background-size":"auto","background-attachment":"scroll","background-type":"","background-media":"","overlay-type":"","overlay-color":"","overlay-opacity":"","overlay-gradient":""},"mobile":{"background-color":"var(--ast-global-color-5)","background-image":"","background-repeat":"repeat","background-position":"center center","background-size":"auto","background-attachment":"scroll","background-type":"","background-media":"","overlay-type":"","overlay-color":"","overlay-opacity":"","overlay-gradient":""}},"footnotes":""},"categories":[33,20],"tags":[],"class_list":["post-3901","page","type-page","status-publish","has-post-thumbnail","hentry","category-portada-nlc","category-reuniones"],"_links":{"self":[{"href":"https:\/\/www.colegionlc.cl\/index.php?rest_route=\/wp\/v2\/pages\/3901","targetHints":{"allow":["GET"]}}],"collection":[{"href":"https:\/\/www.colegionlc.cl\/index.php?rest_route=\/wp\/v2\/pages"}],"about":[{"href":"https:\/\/www.colegionlc.cl\/index.php?rest_route=\/wp\/v2\/types\/page"}],"author":[{"embeddable":true,"href":"https:\/\/www.colegionlc.cl\/index.php?rest_route=\/wp\/v2\/users\/1"}],"replies":[{"embeddable":true,"href":"https:\/\/www.colegionlc.cl\/index.php?rest_route=%2Fwp%2Fv2%2Fcomments&post=3901"}],"version-history":[{"count":2,"href":"https:\/\/www.colegionlc.cl\/index.php?rest_route=\/wp\/v2\/pages\/3901\/revisions"}],"predecessor-version":[{"id":3904,"href":"https:\/\/www.colegionlc.cl\/index.php?rest_route=\/wp\/v2\/pages\/3901\/revisions\/3904"}],"wp:featuredmedia":[{"embeddable":true,"href":"https:\/\/www.colegionlc.cl\/index.php?rest_route=\/wp\/v2\/media\/2203"}],"wp:attachment":[{"href":"https:\/\/www.colegionlc.cl\/index.php?rest_route=%2Fwp%2Fv2%2Fmedia&parent=3901"}],"wp:term":[{"taxonomy":"category","embeddable":true,"href":"https:\/\/www.colegionlc.cl\/index.php?rest_route=%2Fwp%2Fv2%2Fcategories&post=3901"},{"taxonomy":"post_tag","embeddable":true,"href":"https:\/\/www.colegionlc.cl\/index.php?rest_route=%2Fwp%2Fv2%2Ftags&post=3901"}],"curies":[{"name":"wp","href":"https:\/\/api.w.org\/{rel}","templated":true}]}}