{"id":4430,"date":"2025-09-08T07:30:00","date_gmt":"2025-09-08T11:30:00","guid":{"rendered":"https:\/\/www.colegionlc.cl\/?page_id=4430"},"modified":"2025-10-02T08:28:53","modified_gmt":"2025-10-02T12:28:53","slug":"proceso-de-postulacion-a-becas-2026","status":"publish","type":"page","link":"https:\/\/www.colegionlc.cl\/?page_id=4430","title":{"rendered":"Proceso de postulaci\u00f3n a becas 2026"},"content":{"rendered":"\t\t<div data-elementor-type=\"wp-post\" data-elementor-id=\"4430\" class=\"elementor elementor-4430\" data-elementor-post-type=\"page\">\n\t\t\t\t\t\t<section class=\"has_ae_slider elementor-section elementor-top-section elementor-element elementor-element-115500ec elementor-section-boxed elementor-section-height-default elementor-section-height-default ae-bg-gallery-type-default\" data-id=\"115500ec\" data-element_type=\"section\">\n\t\t\t\t\t\t<div class=\"elementor-container elementor-column-gap-default\">\n\t\t\t\t\t<div class=\"has_ae_slider elementor-column elementor-col-50 elementor-top-column elementor-element elementor-element-5bb1c2f9 ae-bg-gallery-type-default\" data-id=\"5bb1c2f9\" data-element_type=\"column\">\n\t\t\t<div class=\"elementor-widget-wrap elementor-element-populated\">\n\t\t\t\t\t\t<div class=\"elementor-element elementor-element-771af1a3 elementor-widget elementor-widget-theme-post-title elementor-page-title elementor-widget-heading\" data-id=\"771af1a3\" data-element_type=\"widget\" data-widget_type=\"theme-post-title.default\">\n\t\t\t\t<div class=\"elementor-widget-container\">\n\t\t\t\t\t<h2 class=\"elementor-heading-title elementor-size-medium\">Proceso de postulaci\u00f3n a becas 2026<\/h2>\t\t\t\t<\/div>\n\t\t\t\t<\/div>\n\t\t\t\t<div class=\"elementor-element elementor-element-3a0de6cd elementor-widget elementor-widget-text-editor\" data-id=\"3a0de6cd\" data-element_type=\"widget\" data-widget_type=\"text-editor.default\">\n\t\t\t\t<div class=\"elementor-widget-container\">\n\t\t\t\t\t\t\t\t\t<article><p>Estimados(as) apoderados(as):<\/p><p>Junto con saludar y esperando que se encuentren bien, informamos a ustedes, las fechas del proceso de postulaci\u00f3n a becas 2026.<\/p><p><strong>Inicio del proceso\u00a0<\/strong>: Lunes 22 de septiembre de 2025<\/p><p><strong style=\"font-style: inherit;\">Retiro o impresi\u00f3n de formularios<\/strong> : Desde el lunes 22 de septiembre desde las 12:00 hrs. Hasta el 30 de septiembre (El cual podr\u00e1 descargar aqu\u00ed desde la fecha indicada, junto al reglamento donde se indican los documentos a presentar.). En el caso de no contar con impresora, podr\u00e1 retirar el formulario en recepci\u00f3n del colegio, en horario de atenci\u00f3n de apoderados.<\/p><p><strong style=\"font-style: inherit;\">Recepci\u00f3n de documentos<\/strong>\u00a0:<br \/>Desde del martes 23 de septiembre hasta el martes 7 de octubre de 2025, en recepci\u00f3n del colegio en horario de atenci\u00f3n.\u00a0<\/p><p><strong style=\"font-style: inherit;\">Entrega de resultados<\/strong>: Viernes 07 de noviembre de 2025<\/p><p>Direcci\u00f3n<\/p><\/article><p>Formulario Postulacion a Becas 2026<br \/>Reglamento Interno de Becas 2026<\/p>\t\t\t\t\t\t\t\t<\/div>\n\t\t\t\t<\/div>\n\t\t\t\t\t<\/div>\n\t\t<\/div>\n\t\t\t\t<div class=\"has_ae_slider elementor-column elementor-col-50 elementor-top-column elementor-element elementor-element-2a6178d3 ae-bg-gallery-type-default\" data-id=\"2a6178d3\" data-element_type=\"column\">\n\t\t\t<div class=\"elementor-widget-wrap elementor-element-populated\">\n\t\t\t\t\t\t<div class=\"elementor-element elementor-element-45678f7c elementor-widget elementor-widget-image\" data-id=\"45678f7c\" data-element_type=\"widget\" data-widget_type=\"image.default\">\n\t\t\t\t<div class=\"elementor-widget-container\">\n\t\t\t\t\t\t\t\t\t\t\t\t\t\t\t<img fetchpriority=\"high\" decoding=\"async\" width=\"300\" height=\"169\" src=\"https:\/\/www.colegionlc.cl\/wp-content\/uploads\/2019\/09\/becas-300x169.jpg\" class=\"attachment-medium size-medium wp-image-919\" alt=\"\" srcset=\"https:\/\/www.colegionlc.cl\/wp-content\/uploads\/2019\/09\/becas-300x169.jpg 300w, https:\/\/www.colegionlc.cl\/wp-content\/uploads\/2019\/09\/becas.jpg 768w, https:\/\/www.colegionlc.cl\/wp-content\/uploads\/2019\/09\/becas-500x281.jpg 500w\" sizes=\"(max-width: 300px) 100vw, 300px\" \/>\t\t\t\t\t\t\t\t\t\t\t\t\t\t\t<\/div>\n\t\t\t\t<\/div>\n\t\t\t\t\t<\/div>\n\t\t<\/div>\n\t\t\t\t\t<\/div>\n\t\t<\/section>\n\t\t\t\t<\/div>\n\t\t","protected":false},"excerpt":{"rendered":"<p>Estimados(as) apoderados(as): Junto con saludar y esperando que se encuentren bien, informamos a ustedes, las fechas del proceso de postulaci\u00f3n a becas 2026. Inicio del proceso\u00a0: Lunes 22 de septiembre de 2025 Retiro o impresi\u00f3n de formularios : Desde el lunes 22 de septiembre desde las 12:00 hrs. Hasta el 30 de septiembre (El cual [&hellip;]<\/p>\n","protected":false},"author":1,"featured_media":919,"parent":0,"menu_order":1,"comment_status":"closed","ping_status":"closed","template":"","meta":{"site-sidebar-layout":"no-sidebar","site-content-layout":"page-builder","ast-site-content-layout":"default","site-content-style":"default","site-sidebar-style":"default","ast-global-header-display":"","ast-banner-title-visibility":"","ast-main-header-display":"","ast-hfb-above-header-display":"","ast-hfb-below-header-display":"","ast-hfb-mobile-header-display":"","site-post-title":"disabled","ast-breadcrumbs-content":"","ast-featured-img":"disabled","footer-sml-layout":"","ast-disable-related-posts":"","theme-transparent-header-meta":"default","adv-header-id-meta":"","stick-header-meta":"default","header-above-stick-meta":"","header-main-stick-meta":"","header-below-stick-meta":"","astra-migrate-meta-layouts":"default","ast-page-background-enabled":"default","ast-page-background-meta":{"desktop":{"background-color":"","background-image":"","background-repeat":"repeat","background-position":"center center","background-size":"auto","background-attachment":"scroll","background-type":"","background-media":"","overlay-type":"","overlay-color":"","overlay-opacity":"","overlay-gradient":""},"tablet":{"background-color":"","background-image":"","background-repeat":"repeat","background-position":"center center","background-size":"auto","background-attachment":"scroll","background-type":"","background-media":"","overlay-type":"","overlay-color":"","overlay-opacity":"","overlay-gradient":""},"mobile":{"background-color":"","background-image":"","background-repeat":"repeat","background-position":"center center","background-size":"auto","background-attachment":"scroll","background-type":"","background-media":"","overlay-type":"","overlay-color":"","overlay-opacity":"","overlay-gradient":""}},"ast-content-background-meta":{"desktop":{"background-color":"var(--ast-global-color-5)","background-image":"","background-repeat":"repeat","background-position":"center center","background-size":"auto","background-attachment":"scroll","background-type":"","background-media":"","overlay-type":"","overlay-color":"","overlay-opacity":"","overlay-gradient":""},"tablet":{"background-color":"var(--ast-global-color-5)","background-image":"","background-repeat":"repeat","background-position":"center center","background-size":"auto","background-attachment":"scroll","background-type":"","background-media":"","overlay-type":"","overlay-color":"","overlay-opacity":"","overlay-gradient":""},"mobile":{"background-color":"var(--ast-global-color-5)","background-image":"","background-repeat":"repeat","background-position":"center center","background-size":"auto","background-attachment":"scroll","background-type":"","background-media":"","overlay-type":"","overlay-color":"","overlay-opacity":"","overlay-gradient":""}},"footnotes":""},"categories":[29,33],"tags":[28],"class_list":["post-4430","page","type-page","status-publish","has-post-thumbnail","hentry","category-importante","category-portada-nlc","tag-destacado"],"_links":{"self":[{"href":"https:\/\/www.colegionlc.cl\/index.php?rest_route=\/wp\/v2\/pages\/4430","targetHints":{"allow":["GET"]}}],"collection":[{"href":"https:\/\/www.colegionlc.cl\/index.php?rest_route=\/wp\/v2\/pages"}],"about":[{"href":"https:\/\/www.colegionlc.cl\/index.php?rest_route=\/wp\/v2\/types\/page"}],"author":[{"embeddable":true,"href":"https:\/\/www.colegionlc.cl\/index.php?rest_route=\/wp\/v2\/users\/1"}],"replies":[{"embeddable":true,"href":"https:\/\/www.colegionlc.cl\/index.php?rest_route=%2Fwp%2Fv2%2Fcomments&post=4430"}],"version-history":[{"count":7,"href":"https:\/\/www.colegionlc.cl\/index.php?rest_route=\/wp\/v2\/pages\/4430\/revisions"}],"predecessor-version":[{"id":4464,"href":"https:\/\/www.colegionlc.cl\/index.php?rest_route=\/wp\/v2\/pages\/4430\/revisions\/4464"}],"wp:featuredmedia":[{"embeddable":true,"href":"https:\/\/www.colegionlc.cl\/index.php?rest_route=\/wp\/v2\/media\/919"}],"wp:attachment":[{"href":"https:\/\/www.colegionlc.cl\/index.php?rest_route=%2Fwp%2Fv2%2Fmedia&parent=4430"}],"wp:term":[{"taxonomy":"category","embeddable":true,"href":"https:\/\/www.colegionlc.cl\/index.php?rest_route=%2Fwp%2Fv2%2Fcategories&post=4430"},{"taxonomy":"post_tag","embeddable":true,"href":"https:\/\/www.colegionlc.cl\/index.php?rest_route=%2Fwp%2Fv2%2Ftags&post=4430"}],"curies":[{"name":"wp","href":"https:\/\/api.w.org\/{rel}","templated":true}]}}