{"id":4466,"date":"2025-10-06T08:10:51","date_gmt":"2025-10-06T12:10:51","guid":{"rendered":"https:\/\/www.colegionlc.cl\/?page_id=4466"},"modified":"2025-10-10T09:40:19","modified_gmt":"2025-10-10T13:40:19","slug":"actividad-convivencia-escolar","status":"publish","type":"page","link":"https:\/\/www.colegionlc.cl\/?page_id=4466","title":{"rendered":"Actividad Convivencia Escolar"},"content":{"rendered":"\t\t<div data-elementor-type=\"wp-page\" data-elementor-id=\"4466\" class=\"elementor elementor-4466\" data-elementor-post-type=\"page\">\n\t\t\t\t\t\t<section class=\"has_ae_slider elementor-section elementor-top-section elementor-element elementor-element-7b1897aa elementor-section-boxed elementor-section-height-default elementor-section-height-default ae-bg-gallery-type-default\" data-id=\"7b1897aa\" data-element_type=\"section\">\n\t\t\t\t\t\t<div class=\"elementor-container elementor-column-gap-default\">\n\t\t\t\t\t<div class=\"has_ae_slider elementor-column elementor-col-50 elementor-top-column elementor-element elementor-element-4797ed8f ae-bg-gallery-type-default\" data-id=\"4797ed8f\" data-element_type=\"column\">\n\t\t\t<div class=\"elementor-widget-wrap elementor-element-populated\">\n\t\t\t\t\t\t<div class=\"elementor-element elementor-element-7c02cb4e elementor-widget elementor-widget-theme-post-title elementor-page-title elementor-widget-heading\" data-id=\"7c02cb4e\" data-element_type=\"widget\" data-widget_type=\"theme-post-title.default\">\n\t\t\t\t<div class=\"elementor-widget-container\">\n\t\t\t\t\t<h2 class=\"elementor-heading-title elementor-size-medium\">Actividad Convivencia Escolar<\/h2>\t\t\t\t<\/div>\n\t\t\t\t<\/div>\n\t\t\t\t<div class=\"elementor-element elementor-element-11d47129 elementor-widget elementor-widget-text-editor\" data-id=\"11d47129\" data-element_type=\"widget\" data-widget_type=\"text-editor.default\">\n\t\t\t\t<div class=\"elementor-widget-container\">\n\t\t\t\t\t\t\t\t\t<p>En el marco de nuestro compromiso con la <strong>formaci\u00f3n integral y la prevenci\u00f3n del consumo de alcohol en adolescentes<\/strong>, nuestro colegio particip\u00f3 el <strong>martes 30 de septiembre<\/strong> en la presentaci\u00f3n de la obra teatral <strong>EN SERIO<\/strong>, una propuesta art\u00edstica y educativa impulsada por la <strong>Fundaci\u00f3n Sim\u00f3n de Cirene<\/strong> en Chile, con la colaboraci\u00f3n de actores de la <strong>Universidad Cat\u00f3lica<\/strong> y la <strong>Universidad de Chile<\/strong>.<\/p><p>La obra forma parte del <strong>Programa EN SERIO en Am\u00e9rica Latina<\/strong>, iniciativa que busca prevenir el consumo de alcohol en adolescentes de 11 a 17 a\u00f1os, a trav\u00e9s de un enfoque innovador que utiliza el teatro como herramienta de aprendizaje interactivo.\u00a0<\/p><p>Durante la jornada, nuestros estudiantes pudieron reflexionar sobre los riesgos del consumo precoz de alcohol y compartir sus opiniones en un espacio de di\u00e1logo guiado por un facilitador. La experiencia result\u00f3 <strong>enriquecedora, cercana y significativa<\/strong>, contribuyendo a fortalecer en los j\u00f3venes la importancia de tomar decisiones responsables y conscientes.<\/p><p>Convivencia Escolar NLC<\/p>\t\t\t\t\t\t\t\t<\/div>\n\t\t\t\t<\/div>\n\t\t\t\t<div class=\"elementor-element elementor-element-01ce66c gallery-spacing-custom elementor-widget elementor-widget-image-gallery\" data-id=\"01ce66c\" data-element_type=\"widget\" data-widget_type=\"image-gallery.default\">\n\t\t\t\t<div class=\"elementor-widget-container\">\n\t\t\t\t\t\t\t<div class=\"elementor-image-gallery\">\n\t\t\t<div id='gallery-1' class='gallery galleryid-4466 gallery-columns-3 gallery-size-thumbnail'><figure class='gallery-item'>\n\t\t\t<div class='gallery-icon landscape'>\n\t\t\t\t<a data-elementor-open-lightbox=\"yes\" data-elementor-lightbox-slideshow=\"01ce66c\" data-elementor-lightbox-title=\"IMG_2363\" data-e-action-hash=\"#elementor-action%3Aaction%3Dlightbox%26settings%3DeyJpZCI6NDQ3MCwidXJsIjoiaHR0cHM6XC9cL3d3dy5jb2xlZ2lvbmxjLmNsXC93cC1jb250ZW50XC91cGxvYWRzXC8yMDI1XC8xMFwvSU1HXzIzNjMuanBnIiwic2xpZGVzaG93IjoiMDFjZTY2YyJ9\" href='https:\/\/www.colegionlc.cl\/wp-content\/uploads\/2025\/10\/IMG_2363.jpg'><img decoding=\"async\" width=\"150\" height=\"150\" src=\"https:\/\/www.colegionlc.cl\/wp-content\/uploads\/2025\/10\/IMG_2363-150x150.jpg\" class=\"attachment-thumbnail size-thumbnail\" alt=\"\" \/><\/a>\n\t\t\t<\/div><\/figure><figure class='gallery-item'>\n\t\t\t<div class='gallery-icon landscape'>\n\t\t\t\t<a data-elementor-open-lightbox=\"yes\" data-elementor-lightbox-slideshow=\"01ce66c\" data-elementor-lightbox-title=\"IMG_2364\" data-e-action-hash=\"#elementor-action%3Aaction%3Dlightbox%26settings%3DeyJpZCI6NDQ3MSwidXJsIjoiaHR0cHM6XC9cL3d3dy5jb2xlZ2lvbmxjLmNsXC93cC1jb250ZW50XC91cGxvYWRzXC8yMDI1XC8xMFwvSU1HXzIzNjQuanBnIiwic2xpZGVzaG93IjoiMDFjZTY2YyJ9\" href='https:\/\/www.colegionlc.cl\/wp-content\/uploads\/2025\/10\/IMG_2364.jpg'><img decoding=\"async\" width=\"150\" height=\"150\" src=\"https:\/\/www.colegionlc.cl\/wp-content\/uploads\/2025\/10\/IMG_2364-150x150.jpg\" class=\"attachment-thumbnail size-thumbnail\" alt=\"\" \/><\/a>\n\t\t\t<\/div><\/figure><figure class='gallery-item'>\n\t\t\t<div class='gallery-icon portrait'>\n\t\t\t\t<a data-elementor-open-lightbox=\"yes\" data-elementor-lightbox-slideshow=\"01ce66c\" data-elementor-lightbox-title=\"IMG_2366\" data-e-action-hash=\"#elementor-action%3Aaction%3Dlightbox%26settings%3DeyJpZCI6NDQ3MiwidXJsIjoiaHR0cHM6XC9cL3d3dy5jb2xlZ2lvbmxjLmNsXC93cC1jb250ZW50XC91cGxvYWRzXC8yMDI1XC8xMFwvSU1HXzIzNjYtcm90YXRlZC5qcGciLCJzbGlkZXNob3ciOiIwMWNlNjZjIn0%3D\" href='https:\/\/www.colegionlc.cl\/wp-content\/uploads\/2025\/10\/IMG_2366-rotated.jpg'><img decoding=\"async\" width=\"150\" height=\"150\" src=\"https:\/\/www.colegionlc.cl\/wp-content\/uploads\/2025\/10\/IMG_2366-150x150.jpg\" class=\"attachment-thumbnail size-thumbnail\" alt=\"\" \/><\/a>\n\t\t\t<\/div><\/figure><figure class='gallery-item'>\n\t\t\t<div class='gallery-icon portrait'>\n\t\t\t\t<a data-elementor-open-lightbox=\"yes\" data-elementor-lightbox-slideshow=\"01ce66c\" data-elementor-lightbox-title=\"IMG_2367\" data-e-action-hash=\"#elementor-action%3Aaction%3Dlightbox%26settings%3DeyJpZCI6NDQ3MywidXJsIjoiaHR0cHM6XC9cL3d3dy5jb2xlZ2lvbmxjLmNsXC93cC1jb250ZW50XC91cGxvYWRzXC8yMDI1XC8xMFwvSU1HXzIzNjctcm90YXRlZC5qcGciLCJzbGlkZXNob3ciOiIwMWNlNjZjIn0%3D\" href='https:\/\/www.colegionlc.cl\/wp-content\/uploads\/2025\/10\/IMG_2367-rotated.jpg'><img loading=\"lazy\" decoding=\"async\" width=\"150\" height=\"150\" src=\"https:\/\/www.colegionlc.cl\/wp-content\/uploads\/2025\/10\/IMG_2367-150x150.jpg\" class=\"attachment-thumbnail size-thumbnail\" alt=\"\" \/><\/a>\n\t\t\t<\/div><\/figure><figure class='gallery-item'>\n\t\t\t<div class='gallery-icon landscape'>\n\t\t\t\t<a data-elementor-open-lightbox=\"yes\" data-elementor-lightbox-slideshow=\"01ce66c\" data-elementor-lightbox-title=\"IMG_2368\" data-e-action-hash=\"#elementor-action%3Aaction%3Dlightbox%26settings%3DeyJpZCI6NDQ3NCwidXJsIjoiaHR0cHM6XC9cL3d3dy5jb2xlZ2lvbmxjLmNsXC93cC1jb250ZW50XC91cGxvYWRzXC8yMDI1XC8xMFwvSU1HXzIzNjgtMS5qcGciLCJzbGlkZXNob3ciOiIwMWNlNjZjIn0%3D\" href='https:\/\/www.colegionlc.cl\/wp-content\/uploads\/2025\/10\/IMG_2368-1.jpg'><img loading=\"lazy\" decoding=\"async\" width=\"150\" height=\"150\" src=\"https:\/\/www.colegionlc.cl\/wp-content\/uploads\/2025\/10\/IMG_2368-1-150x150.jpg\" class=\"attachment-thumbnail size-thumbnail\" alt=\"\" \/><\/a>\n\t\t\t<\/div><\/figure>\n\t\t<\/div>\n\t\t<\/div>\n\t\t\t\t\t\t<\/div>\n\t\t\t\t<\/div>\n\t\t\t\t\t<\/div>\n\t\t<\/div>\n\t\t\t\t<div class=\"has_ae_slider elementor-column elementor-col-50 elementor-top-column elementor-element elementor-element-49516013 ae-bg-gallery-type-default\" data-id=\"49516013\" data-element_type=\"column\">\n\t\t\t<div class=\"elementor-widget-wrap elementor-element-populated\">\n\t\t\t\t\t\t<div class=\"elementor-element elementor-element-42b2beda elementor-widget elementor-widget-image\" data-id=\"42b2beda\" data-element_type=\"widget\" data-widget_type=\"image.default\">\n\t\t\t\t<div class=\"elementor-widget-container\">\n\t\t\t\t\t\t\t\t\t\t\t\t\t\t\t<img loading=\"lazy\" decoding=\"async\" width=\"300\" height=\"225\" src=\"https:\/\/www.colegionlc.cl\/wp-content\/uploads\/2025\/10\/IMG_2368-300x225.jpg\" class=\"attachment-medium size-medium wp-image-4467\" alt=\"\" srcset=\"https:\/\/www.colegionlc.cl\/wp-content\/uploads\/2025\/10\/IMG_2368-300x225.jpg 300w, https:\/\/www.colegionlc.cl\/wp-content\/uploads\/2025\/10\/IMG_2368-500x375.jpg 500w, https:\/\/www.colegionlc.cl\/wp-content\/uploads\/2025\/10\/IMG_2368.jpg 640w\" sizes=\"(max-width: 300px) 100vw, 300px\" \/>\t\t\t\t\t\t\t\t\t\t\t\t\t\t\t<\/div>\n\t\t\t\t<\/div>\n\t\t\t\t\t<\/div>\n\t\t<\/div>\n\t\t\t\t\t<\/div>\n\t\t<\/section>\n\t\t\t\t<\/div>\n\t\t","protected":false},"excerpt":{"rendered":"<p>En el marco de nuestro compromiso con la formaci\u00f3n integral y la prevenci\u00f3n del consumo de alcohol en adolescentes, nuestro colegio particip\u00f3 el martes 30 de septiembre en la presentaci\u00f3n de la obra teatral EN SERIO, una propuesta art\u00edstica y educativa impulsada por la Fundaci\u00f3n Sim\u00f3n de Cirene en Chile, con la colaboraci\u00f3n de actores [&hellip;]<\/p>\n","protected":false},"author":1,"featured_media":4467,"parent":0,"menu_order":0,"comment_status":"closed","ping_status":"closed","template":"","meta":{"site-sidebar-layout":"no-sidebar","site-content-layout":"page-builder","ast-site-content-layout":"default","site-content-style":"default","site-sidebar-style":"default","ast-global-header-display":"","ast-banner-title-visibility":"","ast-main-header-display":"","ast-hfb-above-header-display":"","ast-hfb-below-header-display":"","ast-hfb-mobile-header-display":"","site-post-title":"disabled","ast-breadcrumbs-content":"","ast-featured-img":"disabled","footer-sml-layout":"","ast-disable-related-posts":"","theme-transparent-header-meta":"","adv-header-id-meta":"","stick-header-meta":"","header-above-stick-meta":"","header-main-stick-meta":"","header-below-stick-meta":"","astra-migrate-meta-layouts":"default","ast-page-background-enabled":"default","ast-page-background-meta":{"desktop":{"background-color":"","background-image":"","background-repeat":"repeat","background-position":"center center","background-size":"auto","background-attachment":"scroll","background-type":"","background-media":"","overlay-type":"","overlay-color":"","overlay-opacity":"","overlay-gradient":""},"tablet":{"background-color":"","background-image":"","background-repeat":"repeat","background-position":"center center","background-size":"auto","background-attachment":"scroll","background-type":"","background-media":"","overlay-type":"","overlay-color":"","overlay-opacity":"","overlay-gradient":""},"mobile":{"background-color":"","background-image":"","background-repeat":"repeat","background-position":"center center","background-size":"auto","background-attachment":"scroll","background-type":"","background-media":"","overlay-type":"","overlay-color":"","overlay-opacity":"","overlay-gradient":""}},"ast-content-background-meta":{"desktop":{"background-color":"var(--ast-global-color-5)","background-image":"","background-repeat":"repeat","background-position":"center center","background-size":"auto","background-attachment":"scroll","background-type":"","background-media":"","overlay-type":"","overlay-color":"","overlay-opacity":"","overlay-gradient":""},"tablet":{"background-color":"var(--ast-global-color-5)","background-image":"","background-repeat":"repeat","background-position":"center center","background-size":"auto","background-attachment":"scroll","background-type":"","background-media":"","overlay-type":"","overlay-color":"","overlay-opacity":"","overlay-gradient":""},"mobile":{"background-color":"var(--ast-global-color-5)","background-image":"","background-repeat":"repeat","background-position":"center center","background-size":"auto","background-attachment":"scroll","background-type":"","background-media":"","overlay-type":"","overlay-color":"","overlay-opacity":"","overlay-gradient":""}},"footnotes":""},"categories":[33],"tags":[],"class_list":["post-4466","page","type-page","status-publish","has-post-thumbnail","hentry","category-portada-nlc"],"_links":{"self":[{"href":"https:\/\/www.colegionlc.cl\/index.php?rest_route=\/wp\/v2\/pages\/4466","targetHints":{"allow":["GET"]}}],"collection":[{"href":"https:\/\/www.colegionlc.cl\/index.php?rest_route=\/wp\/v2\/pages"}],"about":[{"href":"https:\/\/www.colegionlc.cl\/index.php?rest_route=\/wp\/v2\/types\/page"}],"author":[{"embeddable":true,"href":"https:\/\/www.colegionlc.cl\/index.php?rest_route=\/wp\/v2\/users\/1"}],"replies":[{"embeddable":true,"href":"https:\/\/www.colegionlc.cl\/index.php?rest_route=%2Fwp%2Fv2%2Fcomments&post=4466"}],"version-history":[{"count":3,"href":"https:\/\/www.colegionlc.cl\/index.php?rest_route=\/wp\/v2\/pages\/4466\/revisions"}],"predecessor-version":[{"id":4476,"href":"https:\/\/www.colegionlc.cl\/index.php?rest_route=\/wp\/v2\/pages\/4466\/revisions\/4476"}],"wp:featuredmedia":[{"embeddable":true,"href":"https:\/\/www.colegionlc.cl\/index.php?rest_route=\/wp\/v2\/media\/4467"}],"wp:attachment":[{"href":"https:\/\/www.colegionlc.cl\/index.php?rest_route=%2Fwp%2Fv2%2Fmedia&parent=4466"}],"wp:term":[{"taxonomy":"category","embeddable":true,"href":"https:\/\/www.colegionlc.cl\/index.php?rest_route=%2Fwp%2Fv2%2Fcategories&post=4466"},{"taxonomy":"post_tag","embeddable":true,"href":"https:\/\/www.colegionlc.cl\/index.php?rest_route=%2Fwp%2Fv2%2Ftags&post=4466"}],"curies":[{"name":"wp","href":"https:\/\/api.w.org\/{rel}","templated":true}]}}