{"id":4478,"date":"2025-10-27T12:00:54","date_gmt":"2025-10-27T16:00:54","guid":{"rendered":"https:\/\/www.colegionlc.cl\/?page_id=4478"},"modified":"2025-10-27T12:02:47","modified_gmt":"2025-10-27T16:02:47","slug":"proceso-de-matricula-2026-estudiantes-antiguos-2","status":"publish","type":"page","link":"https:\/\/www.colegionlc.cl\/?page_id=4478","title":{"rendered":"Proceso de Matricula 2026 &#8211; Estudiantes Antiguos"},"content":{"rendered":"\t\t<div data-elementor-type=\"wp-page\" data-elementor-id=\"4478\" class=\"elementor elementor-4478\" data-elementor-post-type=\"page\">\n\t\t\t\t\t\t<section class=\"has_ae_slider elementor-section elementor-top-section elementor-element elementor-element-4a303d2c elementor-section-boxed elementor-section-height-default elementor-section-height-default ae-bg-gallery-type-default\" data-id=\"4a303d2c\" data-element_type=\"section\">\n\t\t\t\t\t\t<div class=\"elementor-container elementor-column-gap-default\">\n\t\t\t\t\t<div class=\"has_ae_slider elementor-column elementor-col-50 elementor-top-column elementor-element elementor-element-323e9e44 ae-bg-gallery-type-default\" data-id=\"323e9e44\" data-element_type=\"column\">\n\t\t\t<div class=\"elementor-widget-wrap elementor-element-populated\">\n\t\t\t\t\t\t<div class=\"elementor-element elementor-element-294cc10b elementor-widget elementor-widget-theme-post-title elementor-page-title elementor-widget-heading\" data-id=\"294cc10b\" data-element_type=\"widget\" data-widget_type=\"theme-post-title.default\">\n\t\t\t\t<div class=\"elementor-widget-container\">\n\t\t\t\t\t<h2 class=\"elementor-heading-title elementor-size-medium\">Proceso de Matricula 2026 &#8211; Estudiantes Antiguos<\/h2>\t\t\t\t<\/div>\n\t\t\t\t<\/div>\n\t\t\t\t<div class=\"elementor-element elementor-element-50dca8d4 elementor-widget elementor-widget-text-editor\" data-id=\"50dca8d4\" data-element_type=\"widget\" data-widget_type=\"text-editor.default\">\n\t\t\t\t<div class=\"elementor-widget-container\">\n\t\t\t\t\t\t\t\t\t<p>Estimados padres y apoderados :<\/p><p>El presente documento, tiene por objetivo informar a ustedes acerca del proceso de Matricula 2026 para estudiantes antiguos.<\/p><p>Es de suma importancia que este documento sea le\u00eddo con detenimiento para poder efectuar un proceso de matr\u00edcula \u00f3ptimo, r\u00e1pido y eficaz.<\/p><p>Direcci\u00f3n.<\/p><p>\u00a0<\/p><p><a href=\"https:\/\/www.colegionlc.cl\/wp-content\/uploads\/2025\/10\/Proceso-de-matricula-2026-Estudiantes-Antiguos-NLC.pdf\" target=\"_blank\" rel=\"noopener\">Proceso de matricula 2026 &#8211; Estudiantes Antiguos<\/a><\/p>\t\t\t\t\t\t\t\t<\/div>\n\t\t\t\t<\/div>\n\t\t\t\t\t<\/div>\n\t\t<\/div>\n\t\t\t\t<div class=\"has_ae_slider elementor-column elementor-col-50 elementor-top-column elementor-element elementor-element-7330704e ae-bg-gallery-type-default\" data-id=\"7330704e\" data-element_type=\"column\">\n\t\t\t<div class=\"elementor-widget-wrap elementor-element-populated\">\n\t\t\t\t\t\t<div class=\"elementor-element elementor-element-3aab79fc elementor-widget elementor-widget-image\" data-id=\"3aab79fc\" data-element_type=\"widget\" data-widget_type=\"image.default\">\n\t\t\t\t<div class=\"elementor-widget-container\">\n\t\t\t\t\t\t\t\t\t\t\t\t\t\t\t<img fetchpriority=\"high\" decoding=\"async\" width=\"300\" height=\"225\" src=\"https:\/\/www.colegionlc.cl\/wp-content\/uploads\/2019\/08\/IMG_4830-300x225.jpg\" class=\"attachment-medium size-medium wp-image-170\" alt=\"\" srcset=\"https:\/\/www.colegionlc.cl\/wp-content\/uploads\/2019\/08\/IMG_4830-300x225.jpg 300w, https:\/\/www.colegionlc.cl\/wp-content\/uploads\/2019\/08\/IMG_4830-768x576.jpg 768w, https:\/\/www.colegionlc.cl\/wp-content\/uploads\/2019\/08\/IMG_4830-1024x768.jpg 1024w, https:\/\/www.colegionlc.cl\/wp-content\/uploads\/2019\/08\/IMG_4830.jpg 2016w\" sizes=\"(max-width: 300px) 100vw, 300px\" \/>\t\t\t\t\t\t\t\t\t\t\t\t\t\t\t<\/div>\n\t\t\t\t<\/div>\n\t\t\t\t\t<\/div>\n\t\t<\/div>\n\t\t\t\t\t<\/div>\n\t\t<\/section>\n\t\t\t\t<\/div>\n\t\t","protected":false},"excerpt":{"rendered":"<p>Estimados padres y apoderados : El presente documento, tiene por objetivo informar a ustedes acerca del proceso de Matricula 2026 para estudiantes antiguos. Es de suma importancia que este documento sea le\u00eddo con detenimiento para poder efectuar un proceso de matr\u00edcula \u00f3ptimo, r\u00e1pido y eficaz. Direcci\u00f3n. \u00a0 Proceso de matricula 2026 &#8211; Estudiantes Antiguos<\/p>\n","protected":false},"author":1,"featured_media":1242,"parent":0,"menu_order":0,"comment_status":"closed","ping_status":"closed","template":"","meta":{"site-sidebar-layout":"no-sidebar","site-content-layout":"page-builder","ast-site-content-layout":"default","site-content-style":"default","site-sidebar-style":"default","ast-global-header-display":"","ast-banner-title-visibility":"","ast-main-header-display":"","ast-hfb-above-header-display":"","ast-hfb-below-header-display":"","ast-hfb-mobile-header-display":"","site-post-title":"disabled","ast-breadcrumbs-content":"","ast-featured-img":"disabled","footer-sml-layout":"","ast-disable-related-posts":"","theme-transparent-header-meta":"","adv-header-id-meta":"","stick-header-meta":"","header-above-stick-meta":"","header-main-stick-meta":"","header-below-stick-meta":"","astra-migrate-meta-layouts":"default","ast-page-background-enabled":"default","ast-page-background-meta":{"desktop":{"background-color":"","background-image":"","background-repeat":"repeat","background-position":"center center","background-size":"auto","background-attachment":"scroll","background-type":"","background-media":"","overlay-type":"","overlay-color":"","overlay-opacity":"","overlay-gradient":""},"tablet":{"background-color":"","background-image":"","background-repeat":"repeat","background-position":"center center","background-size":"auto","background-attachment":"scroll","background-type":"","background-media":"","overlay-type":"","overlay-color":"","overlay-opacity":"","overlay-gradient":""},"mobile":{"background-color":"","background-image":"","background-repeat":"repeat","background-position":"center center","background-size":"auto","background-attachment":"scroll","background-type":"","background-media":"","overlay-type":"","overlay-color":"","overlay-opacity":"","overlay-gradient":""}},"ast-content-background-meta":{"desktop":{"background-color":"var(--ast-global-color-5)","background-image":"","background-repeat":"repeat","background-position":"center center","background-size":"auto","background-attachment":"scroll","background-type":"","background-media":"","overlay-type":"","overlay-color":"","overlay-opacity":"","overlay-gradient":""},"tablet":{"background-color":"var(--ast-global-color-5)","background-image":"","background-repeat":"repeat","background-position":"center center","background-size":"auto","background-attachment":"scroll","background-type":"","background-media":"","overlay-type":"","overlay-color":"","overlay-opacity":"","overlay-gradient":""},"mobile":{"background-color":"var(--ast-global-color-5)","background-image":"","background-repeat":"repeat","background-position":"center center","background-size":"auto","background-attachment":"scroll","background-type":"","background-media":"","overlay-type":"","overlay-color":"","overlay-opacity":"","overlay-gradient":""}},"footnotes":""},"categories":[30,29,33],"tags":[],"class_list":["post-4478","page","type-page","status-publish","has-post-thumbnail","hentry","category-destacado","category-importante","category-portada-nlc"],"_links":{"self":[{"href":"https:\/\/www.colegionlc.cl\/index.php?rest_route=\/wp\/v2\/pages\/4478","targetHints":{"allow":["GET"]}}],"collection":[{"href":"https:\/\/www.colegionlc.cl\/index.php?rest_route=\/wp\/v2\/pages"}],"about":[{"href":"https:\/\/www.colegionlc.cl\/index.php?rest_route=\/wp\/v2\/types\/page"}],"author":[{"embeddable":true,"href":"https:\/\/www.colegionlc.cl\/index.php?rest_route=\/wp\/v2\/users\/1"}],"replies":[{"embeddable":true,"href":"https:\/\/www.colegionlc.cl\/index.php?rest_route=%2Fwp%2Fv2%2Fcomments&post=4478"}],"version-history":[{"count":3,"href":"https:\/\/www.colegionlc.cl\/index.php?rest_route=\/wp\/v2\/pages\/4478\/revisions"}],"predecessor-version":[{"id":4482,"href":"https:\/\/www.colegionlc.cl\/index.php?rest_route=\/wp\/v2\/pages\/4478\/revisions\/4482"}],"wp:featuredmedia":[{"embeddable":true,"href":"https:\/\/www.colegionlc.cl\/index.php?rest_route=\/wp\/v2\/media\/1242"}],"wp:attachment":[{"href":"https:\/\/www.colegionlc.cl\/index.php?rest_route=%2Fwp%2Fv2%2Fmedia&parent=4478"}],"wp:term":[{"taxonomy":"category","embeddable":true,"href":"https:\/\/www.colegionlc.cl\/index.php?rest_route=%2Fwp%2Fv2%2Fcategories&post=4478"},{"taxonomy":"post_tag","embeddable":true,"href":"https:\/\/www.colegionlc.cl\/index.php?rest_route=%2Fwp%2Fv2%2Ftags&post=4478"}],"curies":[{"name":"wp","href":"https:\/\/api.w.org\/{rel}","templated":true}]}}