{"id":4595,"date":"2026-01-08T08:36:46","date_gmt":"2026-01-08T12:36:46","guid":{"rendered":"https:\/\/www.colegionlc.cl\/?page_id=4595"},"modified":"2026-01-08T09:20:32","modified_gmt":"2026-01-08T13:20:32","slug":"listas-de-utiles-escolares-ano-escolar-2026","status":"publish","type":"page","link":"https:\/\/www.colegionlc.cl\/?page_id=4595","title":{"rendered":"Listas de \u00fatiles escolares a\u00f1o escolar 2026"},"content":{"rendered":"\t\t<div data-elementor-type=\"wp-page\" data-elementor-id=\"4595\" class=\"elementor elementor-4595\" data-elementor-post-type=\"page\">\n\t\t\t\t\t\t<section class=\"has_ae_slider elementor-section elementor-top-section elementor-element elementor-element-19fdaeed elementor-section-boxed elementor-section-height-default elementor-section-height-default ae-bg-gallery-type-default\" data-id=\"19fdaeed\" data-element_type=\"section\">\n\t\t\t\t\t\t<div class=\"elementor-container elementor-column-gap-default\">\n\t\t\t\t\t<div class=\"has_ae_slider elementor-column elementor-col-50 elementor-top-column elementor-element elementor-element-6cc27c16 ae-bg-gallery-type-default\" data-id=\"6cc27c16\" data-element_type=\"column\">\n\t\t\t<div class=\"elementor-widget-wrap elementor-element-populated\">\n\t\t\t\t\t\t<div class=\"elementor-element elementor-element-b3761ce elementor-widget elementor-widget-theme-post-title elementor-page-title elementor-widget-heading\" data-id=\"b3761ce\" data-element_type=\"widget\" data-widget_type=\"theme-post-title.default\">\n\t\t\t\t<div class=\"elementor-widget-container\">\n\t\t\t\t\t<h2 class=\"elementor-heading-title elementor-size-medium\">Listas de \u00fatiles escolares a\u00f1o escolar 2026<\/h2>\t\t\t\t<\/div>\n\t\t\t\t<\/div>\n\t\t\t\t<div class=\"elementor-element elementor-element-212ce33e elementor-widget elementor-widget-text-editor\" data-id=\"212ce33e\" data-element_type=\"widget\" data-widget_type=\"text-editor.default\">\n\t\t\t\t<div class=\"elementor-widget-container\">\n\t\t\t\t\t\t\t\t\t<p>Estimada Comunidad NLC:<br \/>Junto con saludar y esperando que se encuentren bien, dejamos a su disposici\u00f3n las listas de \u00fatiles para el a\u00f1o acad\u00e9mico 2026.<\/p><p>Saludos cordiales,\u00a0<br \/>Coordinaci\u00f3n<br \/><br \/><br \/><\/p><p><a href=\"https:\/\/www.colegionlc.cl\/wp-content\/uploads\/2026\/01\/1o-BASICO.pdf\">1\u00ba B\u00c1SICO<\/a><br \/><a href=\"https:\/\/www.colegionlc.cl\/wp-content\/uploads\/2026\/01\/2o-BASICO.pdf\">2\u00ba B\u00c1SICO<\/a> <br \/><a href=\"https:\/\/www.colegionlc.cl\/wp-content\/uploads\/2026\/01\/3o-BASICO.pdf\">3\u00ba B\u00c1SICO<\/a> <br \/><a href=\"https:\/\/www.colegionlc.cl\/wp-content\/uploads\/2026\/01\/4o-BASICO.pdf\">4\u00ba B\u00c1SICO<\/a> <br \/><a href=\"https:\/\/www.colegionlc.cl\/wp-content\/uploads\/2026\/01\/5o-BASICO.pdf\">5\u00ba B\u00c1SICO<\/a> <br \/><a href=\"https:\/\/www.colegionlc.cl\/wp-content\/uploads\/2026\/01\/6o-BASICO.pdf\">6\u00ba B\u00c1SICO<\/a> <br \/><a href=\"https:\/\/www.colegionlc.cl\/wp-content\/uploads\/2026\/01\/7o-BASICO.pdf\">7\u00ba B\u00c1SICO<\/a><br \/><a href=\"https:\/\/www.colegionlc.cl\/wp-content\/uploads\/2026\/01\/8o-BASICO.pdf\">8\u00ba B\u00c1SICO<\/a><br \/><a href=\"https:\/\/www.colegionlc.cl\/wp-content\/uploads\/2026\/01\/Io-MEDIO.pdf\">I\u00ba MEDIO<\/a> <br \/><a href=\"https:\/\/www.colegionlc.cl\/wp-content\/uploads\/2026\/01\/IIo-MEDIO.pdf\">II\u00ba MEDIO<\/a> <br \/><a href=\"https:\/\/www.colegionlc.cl\/wp-content\/uploads\/2026\/01\/IIIo-MEDIO.pdf\">III\u00ba MEDIO<\/a><br \/><a href=\"https:\/\/www.colegionlc.cl\/wp-content\/uploads\/2026\/01\/IVo-MEDIO.pdf\">IV\u00ba MEDIO<\/a><\/p><p>\u00a0<\/p><p>\u00a0<\/p>\t\t\t\t\t\t\t\t<\/div>\n\t\t\t\t<\/div>\n\t\t\t\t\t<\/div>\n\t\t<\/div>\n\t\t\t\t<div class=\"has_ae_slider elementor-column elementor-col-50 elementor-top-column elementor-element elementor-element-7ed7297c ae-bg-gallery-type-default\" data-id=\"7ed7297c\" data-element_type=\"column\">\n\t\t\t<div class=\"elementor-widget-wrap elementor-element-populated\">\n\t\t\t\t\t\t<div class=\"elementor-element elementor-element-50078ab elementor-widget elementor-widget-image\" data-id=\"50078ab\" data-element_type=\"widget\" data-widget_type=\"image.default\">\n\t\t\t\t<div class=\"elementor-widget-container\">\n\t\t\t\t\t\t\t\t\t\t\t\t\t\t\t<img decoding=\"async\" src=\"https:\/\/www.colegionlc.cl\/wp-content\/uploads\/elementor\/thumbs\/utiles-ojdqdx47wxq79l5vzphcptqigz0d0hrdym0uporqro.jpg\" title=\"utiles\" alt=\"utiles\" loading=\"lazy\" \/>\t\t\t\t\t\t\t\t\t\t\t\t\t\t\t<\/div>\n\t\t\t\t<\/div>\n\t\t\t\t\t<\/div>\n\t\t<\/div>\n\t\t\t\t\t<\/div>\n\t\t<\/section>\n\t\t\t\t<\/div>\n\t\t","protected":false},"excerpt":{"rendered":"<p>Estimada Comunidad NLC:Junto con saludar y esperando que se encuentren bien, dejamos a su disposici\u00f3n las listas de \u00fatiles para el a\u00f1o acad\u00e9mico 2026. Saludos cordiales,\u00a0Coordinaci\u00f3n 1\u00ba B\u00c1SICO2\u00ba B\u00c1SICO 3\u00ba B\u00c1SICO 4\u00ba B\u00c1SICO 5\u00ba B\u00c1SICO 6\u00ba B\u00c1SICO 7\u00ba B\u00c1SICO8\u00ba B\u00c1SICOI\u00ba MEDIO II\u00ba MEDIO III\u00ba MEDIOIV\u00ba MEDIO \u00a0 \u00a0<\/p>\n","protected":false},"author":1,"featured_media":1194,"parent":0,"menu_order":0,"comment_status":"closed","ping_status":"closed","template":"","meta":{"site-sidebar-layout":"no-sidebar","site-content-layout":"page-builder","ast-site-content-layout":"full-width-container","site-content-style":"default","site-sidebar-style":"default","ast-global-header-display":"","ast-banner-title-visibility":"","ast-main-header-display":"","ast-hfb-above-header-display":"","ast-hfb-below-header-display":"","ast-hfb-mobile-header-display":"","site-post-title":"","ast-breadcrumbs-content":"","ast-featured-img":"disabled","footer-sml-layout":"","ast-disable-related-posts":"","theme-transparent-header-meta":"","adv-header-id-meta":"","stick-header-meta":"","header-above-stick-meta":"","header-main-stick-meta":"","header-below-stick-meta":"","astra-migrate-meta-layouts":"set","ast-page-background-enabled":"default","ast-page-background-meta":{"desktop":{"background-color":"","background-image":"","background-repeat":"repeat","background-position":"center center","background-size":"auto","background-attachment":"scroll","background-type":"","background-media":"","overlay-type":"","overlay-color":"","overlay-opacity":"","overlay-gradient":""},"tablet":{"background-color":"","background-image":"","background-repeat":"repeat","background-position":"center center","background-size":"auto","background-attachment":"scroll","background-type":"","background-media":"","overlay-type":"","overlay-color":"","overlay-opacity":"","overlay-gradient":""},"mobile":{"background-color":"","background-image":"","background-repeat":"repeat","background-position":"center center","background-size":"auto","background-attachment":"scroll","background-type":"","background-media":"","overlay-type":"","overlay-color":"","overlay-opacity":"","overlay-gradient":""}},"ast-content-background-meta":{"desktop":{"background-color":"var(--ast-global-color-5)","background-image":"","background-repeat":"repeat","background-position":"center center","background-size":"auto","background-attachment":"scroll","background-type":"","background-media":"","overlay-type":"","overlay-color":"","overlay-opacity":"","overlay-gradient":""},"tablet":{"background-color":"var(--ast-global-color-5)","background-image":"","background-repeat":"repeat","background-position":"center center","background-size":"auto","background-attachment":"scroll","background-type":"","background-media":"","overlay-type":"","overlay-color":"","overlay-opacity":"","overlay-gradient":""},"mobile":{"background-color":"var(--ast-global-color-5)","background-image":"","background-repeat":"repeat","background-position":"center center","background-size":"auto","background-attachment":"scroll","background-type":"","background-media":"","overlay-type":"","overlay-color":"","overlay-opacity":"","overlay-gradient":""}},"footnotes":""},"categories":[33],"tags":[],"class_list":["post-4595","page","type-page","status-publish","has-post-thumbnail","hentry","category-portada-nlc"],"_links":{"self":[{"href":"https:\/\/www.colegionlc.cl\/index.php?rest_route=\/wp\/v2\/pages\/4595","targetHints":{"allow":["GET"]}}],"collection":[{"href":"https:\/\/www.colegionlc.cl\/index.php?rest_route=\/wp\/v2\/pages"}],"about":[{"href":"https:\/\/www.colegionlc.cl\/index.php?rest_route=\/wp\/v2\/types\/page"}],"author":[{"embeddable":true,"href":"https:\/\/www.colegionlc.cl\/index.php?rest_route=\/wp\/v2\/users\/1"}],"replies":[{"embeddable":true,"href":"https:\/\/www.colegionlc.cl\/index.php?rest_route=%2Fwp%2Fv2%2Fcomments&post=4595"}],"version-history":[{"count":13,"href":"https:\/\/www.colegionlc.cl\/index.php?rest_route=\/wp\/v2\/pages\/4595\/revisions"}],"predecessor-version":[{"id":4629,"href":"https:\/\/www.colegionlc.cl\/index.php?rest_route=\/wp\/v2\/pages\/4595\/revisions\/4629"}],"wp:featuredmedia":[{"embeddable":true,"href":"https:\/\/www.colegionlc.cl\/index.php?rest_route=\/wp\/v2\/media\/1194"}],"wp:attachment":[{"href":"https:\/\/www.colegionlc.cl\/index.php?rest_route=%2Fwp%2Fv2%2Fmedia&parent=4595"}],"wp:term":[{"taxonomy":"category","embeddable":true,"href":"https:\/\/www.colegionlc.cl\/index.php?rest_route=%2Fwp%2Fv2%2Fcategories&post=4595"},{"taxonomy":"post_tag","embeddable":true,"href":"https:\/\/www.colegionlc.cl\/index.php?rest_route=%2Fwp%2Fv2%2Ftags&post=4595"}],"curies":[{"name":"wp","href":"https:\/\/api.w.org\/{rel}","templated":true}]}}